{"id":4370,"date":"2019-01-28T15:48:44","date_gmt":"2019-01-28T14:48:44","guid":{"rendered":"https:\/\/jugendfarm-bremen.de\/?page_id=4370"},"modified":"2022-07-05T17:00:12","modified_gmt":"2022-07-05T15:00:12","slug":"angebote-fuer-schule-kindergarten-und-andere-gruppen","status":"publish","type":"page","link":"https:\/\/jugendfarm-bremen.de\/del\/angebote-fuer-schule-kindergarten-und-andere-gruppen\/","title":{"rendered":"Angebote f\u00fcr Schule, Kindergarten- und andere Gruppen"},"content":{"rendered":"<p>[et_pb_section fb_built=&#8221;1&#8243; _builder_version=&#8221;4.16&#8243; max_width_tablet=&#8221;&#8221; max_width_phone=&#8221;&#8221; max_width_last_edited=&#8221;on|desktop&#8221; module_alignment=&#8221;center&#8221; custom_margin=&#8221;50px||50px|&#8221; custom_padding=&#8221;0|0px|50px|0px|false|false&#8221; border_color_all=&#8221;#d8d8d8&#8243; global_colors_info=&#8221;{}&#8221;][et_pb_row _builder_version=&#8221;4.17.4&#8243; _module_preset=&#8221;default&#8221; global_colors_info=&#8221;{}&#8221;][et_pb_column type=&#8221;4_4&#8243; _builder_version=&#8221;4.17.4&#8243; _module_preset=&#8221;default&#8221; global_colors_info=&#8221;{}&#8221;][\/et_pb_column][\/et_pb_row][et_pb_row column_structure=&#8221;1_3,2_3&#8243; _builder_version=&#8221;4.16&#8243; custom_padding=&#8221;0|0px|0|0px|false|false&#8221; global_colors_info=&#8221;{}&#8221;][et_pb_column type=&#8221;1_3&#8243; _builder_version=&#8221;4.16&#8243; custom_padding=&#8221;|||&#8221; global_colors_info=&#8221;{}&#8221; custom_padding__hover=&#8221;|||&#8221;][et_pb_image src=&#8221;https:\/\/jugendfarm-bremen.de\/wp-content\/uploads\/2022\/06\/KiJuFarmEingang-1.jpg&#8221; title_text=&#8221;KiJuFarmEingang&#8221; align=&#8221;center&#8221; align_tablet=&#8221;center&#8221; align_phone=&#8221;&#8221; align_last_edited=&#8221;on|desktop&#8221; _builder_version=&#8221;4.17.4&#8243; global_colors_info=&#8221;{}&#8221;][\/et_pb_image][\/et_pb_column][et_pb_column type=&#8221;2_3&#8243; _builder_version=&#8221;4.16&#8243; custom_padding=&#8221;|||&#8221; global_colors_info=&#8221;{}&#8221; custom_padding__hover=&#8221;|||&#8221;][et_pb_text admin_label=&#8221;TEXTBLOCK 2&#8243; _builder_version=&#8221;4.17.4&#8243; text_font_size=&#8221;16px&#8221; header_text_color=&#8221;#000000&#8243; hover_enabled=&#8221;0&#8243; global_colors_info=&#8221;{}&#8221; sticky_enabled=&#8221;0&#8243;]<\/p>\n<p>Wir bieten auch trotz Corona viele Angebote f\u00fcr Gruppen an.<br \/>Gruppen k\u00f6nnen bei uns zum Beispiel<\/p>\n<ul>\n<li>die Tiere f\u00fcttern<\/li>\n<li>im Stein-Backofen Pizza oder Br\u00f6tchen backen<\/li>\n<li>bei verschiedenen Projekten mitmachen<br \/>Zum Beispiel bei Projekten zum Thema Klima-Schutz oder Pferde.<\/li>\n<\/ul>\n<p>Mehr Infos zu den Angeboten f\u00fcr Gruppen gibt es im Farmb\u00fcro.<br \/>Sie k\u00f6nnen uns auch anrufen.<br \/>Das ist unsere Telefon-Nummer: 0421 83 27 98.<\/p>\n<p>Schulklassen k\u00f6nnen auch ein Fest mit der Klasse bei uns feiern.<br \/><a href=\"https:\/\/jugendfarm-bremen.de\/del\/feiern-und-gruppen-auf-der-farm\/\">Hier<\/a>\u00a0finden Sie mehr Infos dazu.<\/p>\n<p>[\/et_pb_text][\/et_pb_column][\/et_pb_row][et_pb_row _builder_version=&#8221;4.17.4&#8243; _module_preset=&#8221;default&#8221; global_colors_info=&#8221;{}&#8221;][et_pb_column type=&#8221;4_4&#8243; _builder_version=&#8221;4.17.4&#8243; _module_preset=&#8221;default&#8221; global_colors_info=&#8221;{}&#8221;][et_pb_divider _builder_version=&#8221;4.17.4&#8243; _module_preset=&#8221;default&#8221; global_colors_info=&#8221;{}&#8221;][\/et_pb_divider][\/et_pb_column][\/et_pb_row][et_pb_row column_structure=&#8221;1_3,2_3&#8243; _builder_version=&#8221;4.16&#8243; custom_padding=&#8221;0|0px|0|0px|false|false&#8221; global_colors_info=&#8221;{}&#8221;][et_pb_column type=&#8221;1_3&#8243; _builder_version=&#8221;4.16&#8243; custom_padding=&#8221;|||&#8221; global_colors_info=&#8221;{}&#8221; custom_padding__hover=&#8221;|||&#8221;][et_pb_image src=&#8221;https:\/\/jugendfarm-bremen.de\/wp-content\/uploads\/2022\/05\/angebote-fuer-gruppen.png&#8221; title_text=&#8221;angebote fuer gruppen&#8221; align=&#8221;center&#8221; align_tablet=&#8221;center&#8221; align_phone=&#8221;&#8221; align_last_edited=&#8221;on|desktop&#8221; _builder_version=&#8221;4.17.4&#8243; global_colors_info=&#8221;{}&#8221;][\/et_pb_image][et_pb_image src=&#8221;https:\/\/jugendfarm-bremen.de\/wp-content\/uploads\/2022\/05\/wichtige-anmerkung.png&#8221; title_text=&#8221;wichtige anmerkung&#8221; align=&#8221;center&#8221; align_tablet=&#8221;center&#8221; align_phone=&#8221;&#8221; align_last_edited=&#8221;on|desktop&#8221; _builder_version=&#8221;4.17.4&#8243; global_colors_info=&#8221;{}&#8221;][\/et_pb_image][\/et_pb_column][et_pb_column type=&#8221;2_3&#8243; _builder_version=&#8221;4.16&#8243; custom_padding=&#8221;|||&#8221; global_colors_info=&#8221;{}&#8221; custom_padding__hover=&#8221;|||&#8221;][et_pb_text admin_label=&#8221;TEXTBLOCK 2&#8243; _builder_version=&#8221;4.17.4&#8243; text_font_size=&#8221;16px&#8221; header_text_color=&#8221;#000000&#8243; global_colors_info=&#8221;{}&#8221;]<\/p>\n<p>&nbsp;<\/p>\n<p><b>Angebote f\u00fcr Schulen<\/b><br \/>Wir machen viele Angebote f\u00fcr Schulen.<br \/>Hier stehen die Zeiten und Preise.<br \/>Die Preise sind immer f\u00fcr eine Person.<\/p>\n<p><b>Wichtig<\/b>:<br \/>Ist Ihre Schule Mitglied in unserem Verein\u00a0<b>oder <\/b>kommt Ihre Schule aus Obervieland?<br \/>Dann k\u00f6nnen Sie sich f\u00fcr einige Angebote f\u00fcr das n\u00e4chste Jahr ab dem 1. September anmelden.<br \/>Andere Schulen k\u00f6nnen sich erst ab dem 1. Oktober anmelden.<br \/>Das gilt f\u00fcr diese Angebote:<\/p>\n<ul>\n<li>Tierf\u00fctterung<\/li>\n<li>Backen im Steinback-Ofen<\/li>\n<li>Kleine Projekt-Woche<\/li>\n<li>Gro\u00dfe Projekt-Woche<\/li>\n<\/ul>\n<p>&nbsp;<\/p>\n<p>[\/et_pb_text][\/et_pb_column][\/et_pb_row][et_pb_row _builder_version=&#8221;4.17.4&#8243; _module_preset=&#8221;default&#8221; global_colors_info=&#8221;{}&#8221;][et_pb_column type=&#8221;4_4&#8243; _builder_version=&#8221;4.17.4&#8243; _module_preset=&#8221;default&#8221; global_colors_info=&#8221;{}&#8221;][et_pb_divider _builder_version=&#8221;4.17.4&#8243; _module_preset=&#8221;default&#8221; global_colors_info=&#8221;{}&#8221;][\/et_pb_divider][\/et_pb_column][\/et_pb_row][et_pb_row column_structure=&#8221;1_3,2_3&#8243; _builder_version=&#8221;4.16&#8243; custom_padding=&#8221;0|0px|0|0px|false|false&#8221; global_colors_info=&#8221;{}&#8221;][et_pb_column type=&#8221;1_3&#8243; _builder_version=&#8221;4.16&#8243; custom_padding=&#8221;|||&#8221; global_colors_info=&#8221;{}&#8221; custom_padding__hover=&#8221;|||&#8221;][et_pb_image src=&#8221;https:\/\/jugendfarm-bremen.de\/wp-content\/uploads\/2022\/06\/Attentus_SPK_Obervieland_MM_CF001952-scaled.jpg&#8221; title_text=&#8221;Attentus_SPK_Obervieland_MM_CF001952&#8243; align=&#8221;center&#8221; align_tablet=&#8221;center&#8221; align_phone=&#8221;&#8221; align_last_edited=&#8221;on|desktop&#8221; _builder_version=&#8221;4.17.4&#8243; global_colors_info=&#8221;{}&#8221;][\/et_pb_image][et_pb_image src=&#8221;https:\/\/jugendfarm-bremen.de\/wp-content\/uploads\/2022\/06\/Casper-scaled-1.jpg&#8221; title_text=&#8221;Casper-scaled&#8221; align=&#8221;center&#8221; align_tablet=&#8221;center&#8221; align_phone=&#8221;&#8221; align_last_edited=&#8221;on|desktop&#8221; _builder_version=&#8221;4.17.4&#8243; global_colors_info=&#8221;{}&#8221;][\/et_pb_image][et_pb_image src=&#8221;https:\/\/jugendfarm-bremen.de\/wp-content\/uploads\/2019\/01\/DSC02965.jpg&#8221; title_text=&#8221;DSC02965&#8243; align=&#8221;center&#8221; align_tablet=&#8221;center&#8221; align_phone=&#8221;&#8221; align_last_edited=&#8221;on|desktop&#8221; _builder_version=&#8221;4.17.4&#8243; global_colors_info=&#8221;{}&#8221;][\/et_pb_image][\/et_pb_column][et_pb_column type=&#8221;2_3&#8243; _builder_version=&#8221;4.16&#8243; custom_padding=&#8221;|||&#8221; global_colors_info=&#8221;{}&#8221; custom_padding__hover=&#8221;|||&#8221;][et_pb_text admin_label=&#8221;TEXTBLOCK 2&#8243; _builder_version=&#8221;4.17.4&#8243; text_font_size=&#8221;16px&#8221; header_text_color=&#8221;#000000&#8243; global_colors_info=&#8221;{}&#8221;]<\/p>\n<p>&nbsp;<\/p>\n<p><b>Tierf\u00fctterung<\/b>:<br \/><b>Zeit<\/b>: 10 Uhr bis 11:30 Uhr<br \/><b>Preis<\/b>: 3 Euro f\u00fcr jede Person<\/p>\n<p><b>Backen im Steinback-Ofen<\/b>:<br \/><b>Zeit<\/b>: 10 Uhr bis 12:30 Uhr<br \/><strong>Preise<\/strong>:<br \/>Br\u00f6tchen backen kostet 5 Euro f\u00fcr jede Person<br \/>Pizza backen kostet 6 Euro f\u00fcr jede Person<\/p>\n<p><b>Kleine Projekt-Woche f\u00fcr 2 Tage<\/b>:<br \/><b>Zeit<\/b>: 10 Uhr bis 12:30 Uhr<br \/><b>Preise<\/b>:<br \/>Mit Br\u00f6tchen backen kostet es 7 Euro f\u00fcr jede Person<br \/>Mit Pizza backen kostet es 8 Euro f\u00fcr jede Person<\/p>\n<p><b>Gro\u00dfe Projekt-Woche f\u00fcr 3 Tage<\/b>:<br \/><b>Zeit<\/b>: 10 Uhr bis 12:30 Uhr<br \/><b>Preise<\/b>:<br \/>Mit Br\u00f6tchen backen kostet es 9 Euro f\u00fcr jede Person<br \/>Mit Pizza backen kostet es 10 Euro f\u00fcr jede Person<\/p>\n<p><b>Projekt Pferde- und Erlebnis-P\u00e4dagogik<\/b>:<br \/><b>Zeit<\/b>: Bitte machen Sie einen Termin mit uns.<br \/>Das Projekt dauert 2 Tage lang immer 2 Stunden.<br \/><b>Preis<\/b>: 10 Euro f\u00fcr jede Person.<\/p>\n<p><b>Bienen-Projekt<\/b>:<br \/><b>Zeit<\/b>: Bitte machen Sie einen Termin mit uns.<br \/>Das geht in den Monaten Mai bis September.<br \/>Das Projekt dauert 1,5 Stunden.<br \/><b>Preis<\/b>: 3 Euro f\u00fcr jede Person.<\/p>\n<p><b>Projekte f\u00fcr Klima-Schutz und andere Projekte<\/b>:<br \/>Vielleicht wollen Sie andere Projekte bei uns machen.<br \/>Zum Beispiel zum Thema Klima-Schutz.<br \/>Sagen Sie uns Bescheid.<br \/>Wir machen zusammen einen Termin daf\u00fcr.<\/p>\n<p>[\/et_pb_text][\/et_pb_column][\/et_pb_row][et_pb_row _builder_version=&#8221;4.17.4&#8243; _module_preset=&#8221;default&#8221; global_colors_info=&#8221;{}&#8221;][et_pb_column type=&#8221;4_4&#8243; _builder_version=&#8221;4.17.4&#8243; _module_preset=&#8221;default&#8221; global_colors_info=&#8221;{}&#8221;][et_pb_divider _builder_version=&#8221;4.17.4&#8243; _module_preset=&#8221;default&#8221; global_colors_info=&#8221;{}&#8221;][\/et_pb_divider][\/et_pb_column][\/et_pb_row][et_pb_row column_structure=&#8221;1_3,2_3&#8243; _builder_version=&#8221;4.17.4&#8243; custom_padding=&#8221;0|0px|0|0px|false|false&#8221; global_colors_info=&#8221;{}&#8221;][et_pb_column type=&#8221;1_3&#8243; _builder_version=&#8221;4.16&#8243; custom_padding=&#8221;|||&#8221; global_colors_info=&#8221;{}&#8221; custom_padding__hover=&#8221;|||&#8221;][et_pb_image src=&#8221;https:\/\/jugendfarm-bremen.de\/wp-content\/uploads\/2022\/05\/mittagstisch.png&#8221; title_text=&#8221;mittagstisch&#8221; align=&#8221;center&#8221; align_tablet=&#8221;center&#8221; align_phone=&#8221;&#8221; align_last_edited=&#8221;on|desktop&#8221; _builder_version=&#8221;4.17.4&#8243; global_colors_info=&#8221;{}&#8221;][\/et_pb_image][\/et_pb_column][et_pb_column type=&#8221;2_3&#8243; _builder_version=&#8221;4.16&#8243; custom_padding=&#8221;|||&#8221; global_colors_info=&#8221;{}&#8221; custom_padding__hover=&#8221;|||&#8221;][et_pb_text admin_label=&#8221;TEXTBLOCK 2&#8243; _builder_version=&#8221;4.17.4&#8243; text_font_size=&#8221;16px&#8221; header_text_color=&#8221;#000000&#8243; global_colors_info=&#8221;{}&#8221;]<\/p>\n<p><b>Mittagessen auf der Farm:<\/b><br \/>Kinder k\u00f6nnen bei uns Mittag essen.<br \/>Das Angebot hei\u00dft:\u00a0<b>Mittagstisch<\/b>.<br \/>Das Angebot ist f\u00fcr Schulkinder.<br \/>Das Mittagessen ist immer um 13:30 Uhr.<br \/>In den Ferien ist das Mittagessen um 13 Uhr.<\/p>\n<p>Sie m\u00fcssen Ihre Kinder zum Mittagstisch anmelden.<br \/>Machen Sie das bis 10:15 Uhr an dem Tag,<br \/>an dem Ihre Kinder bei uns Mittag essen sollen.<br \/>Rufen Sie uns dazu an.<br \/>Das ist unsere Telefon-Nummer: 0421 83 27 98<\/p>\n<p>Wegen Corona d\u00fcrfen erwachsene Besucher im Moment\u00a0<b>nicht<\/b>\u00a0bei uns Mittag essen.<\/p>\n<p><a href=\"https:\/\/jugendfarm-bremen.de\/essensplan\/\">Hier<\/a>\u00a0finden Sie den aktuellen Essen-Plan<br \/>f\u00fcr die n\u00e4chsten Wochen.<\/p>\n<p>&nbsp;<\/p>\n<p>[\/et_pb_text][\/et_pb_column][\/et_pb_row][\/et_pb_section]<\/p>\n","protected":false},"excerpt":{"rendered":"<p>Wir bieten auch trotz Corona viele Angebote f\u00fcr Gruppen an.Gruppen k\u00f6nnen bei uns zum Beispiel die Tiere f\u00fcttern im Stein-Backofen Pizza oder Br\u00f6tchen backen bei verschiedenen Projekten mitmachenZum Beispiel bei [&hellip;]<\/p>\n","protected":false},"author":4,"featured_media":0,"parent":0,"menu_order":0,"comment_status":"closed","ping_status":"closed","template":"","meta":{"_et_pb_use_builder":"on","_et_pb_old_content":"<p>[et_pb_section bb_built=\"1\" admin_label=\"section\" _builder_version=\"3.19.11\" inner_width=\"auto\" inner_max_width=\"1080px\"][et_pb_row admin_label=\"row\" background_position=\"top_left\" background_repeat=\"repeat\" background_size=\"initial\" width=\"80%\" max_width=\"1080px\"][et_pb_column type=\"4_4\" custom_padding__hover=\"|||\" custom_padding=\"|||\"][et_pb_text background_position=\"top_left\" background_repeat=\"repeat\" background_size=\"initial\" _builder_version=\"4.9.7\" text_orientation=\"left\"]<\/p><h2><strong>Wir bieten weiterhin Tierf\u00fctterungen und Projekttage <\/strong><\/h2><h2><strong>f\u00fcr Schulklassen, Kindergarten- und andere Gruppen an.<\/strong><\/h2><h2>\u00a0<\/h2><h2>Angebote f\u00fcr Schulen und andere Gruppen<\/h2><p>Mit eurer Gruppe k\u00f6nnt ihr tolle Ausfl\u00fcge auf die Farm unternehmen. Ihr k\u00f6nnt mit uns die Tiere f\u00fcttern, Pizza oder Br\u00f6tchen im Steinbackofen backen, Projekttage mit Farmarbeiten erleben, einen Vormittag bei den Bienen verbringen oder euch mit eurer Klasse f\u00fcr ein Pferde- und Erlebnisp\u00e4dagogik Projekt anmelden. Je nach Jahreszeit k\u00f6nnt ihr auch verschiedenen Klimaschutzprojekte bei uns besuchen. Informationen gibt es im Farmb\u00fcro und unter 0421-832798.<\/p><p>Auch euer Klassenfest k\u00f6nnt ihr bei uns feiern. Informationen zum Feiern auf der Farm findet ihr <a href=\"http:\/\/jugendfarm-bremen.de\/feiern-auf-der-farm\/\">hier<\/a>.<\/p><p><img class=\"alignnone size-full wp-image-3129\" src=\"https:\/\/jugendfarm-bremen.de\/wp-content\/uploads\/2021\/07\/Angebote-fuer-Schulen-Stand-4.9.19.png\" alt=\"\" width=\"655\" height=\"915\" \/><\/p><p>Als PDF:<\/p><p>[pdf-embedder url=\"https:\/\/jugendfarm-bremen.de\/wp-content\/uploads\/2021\/07\/Angebote-Schulen-Stand-4.9.19.pdf\" title=\"Angebote Schulen Stand 4.9.19\"]<\/p><p>\u00a0<\/p><p>\u00a0<\/p><h4>\u00a0<\/h4><p>\u00a0<\/p><p>[\/et_pb_text][\/et_pb_column][\/et_pb_row][\/et_pb_section]<\/p>","_et_gb_content_width":"","footnotes":"","beyondwords_generate_audio":"","beyondwords_integration_method":"","beyondwords_project_id":"14637","beyondwords_content_id":"","beyondwords_preview_token":"","beyondwords_player_content":"","beyondwords_player_style":"","beyondwords_language_code":"","beyondwords_language_id":"","beyondwords_title_voice_id":"","beyondwords_body_voice_id":"","beyondwords_summary_voice_id":"","beyondwords_error_message":"#404: Record not found","beyondwords_disabled":"","beyondwords_delete_content":"","beyondwords_podcast_id":"4443320","beyondwords_hash":"","publish_post_to_speechkit":"1","speechkit_hash":"","speechkit_generate_audio":"1","speechkit_project_id":"14637","speechkit_podcast_id":"4443320","speechkit_error_message":"#404: Record not found","speechkit_disabled":"","speechkit_access_key":"","speechkit_error":"","speechkit_info":"","speechkit_response":"","speechkit_retries":"","speechkit_status":"Error","speechkit_updated_at":"","_speechkit_link":"","_speechkit_text":""},"class_list":["post-4370","page","type-page","status-publish","hentry"],"_links":{"self":[{"href":"https:\/\/jugendfarm-bremen.de\/del\/wp-json\/wp\/v2\/pages\/4370","targetHints":{"allow":["GET"]}}],"collection":[{"href":"https:\/\/jugendfarm-bremen.de\/del\/wp-json\/wp\/v2\/pages"}],"about":[{"href":"https:\/\/jugendfarm-bremen.de\/del\/wp-json\/wp\/v2\/types\/page"}],"author":[{"embeddable":true,"href":"https:\/\/jugendfarm-bremen.de\/del\/wp-json\/wp\/v2\/users\/4"}],"replies":[{"embeddable":true,"href":"https:\/\/jugendfarm-bremen.de\/del\/wp-json\/wp\/v2\/comments?post=4370"}],"version-history":[{"count":22,"href":"https:\/\/jugendfarm-bremen.de\/del\/wp-json\/wp\/v2\/pages\/4370\/revisions"}],"predecessor-version":[{"id":4805,"href":"https:\/\/jugendfarm-bremen.de\/del\/wp-json\/wp\/v2\/pages\/4370\/revisions\/4805"}],"wp:attachment":[{"href":"https:\/\/jugendfarm-bremen.de\/del\/wp-json\/wp\/v2\/media?parent=4370"}],"curies":[{"name":"wp","href":"https:\/\/api.w.org\/{rel}","templated":true}]}}