{"id":4536,"date":"2019-02-07T20:55:46","date_gmt":"2019-02-07T19:55:46","guid":{"rendered":"https:\/\/jugendfarm-bremen.de\/?page_id=4536"},"modified":"2022-07-05T16:13:40","modified_gmt":"2022-07-05T14:13:40","slug":"feiern-und-gruppen-auf-der-farm","status":"publish","type":"page","link":"https:\/\/jugendfarm-bremen.de\/del\/feiern-und-gruppen-auf-der-farm\/","title":{"rendered":"Feiern und Gruppen auf der Farm"},"content":{"rendered":"<p>[et_pb_section fb_built=&#8221;1&#8243; _builder_version=&#8221;4.16&#8243; background_image=&#8221;http:\/\/jugendfarm-bremen.de\/wp-content\/uploads\/2019\/02\/IMG_2762-1.jpg&#8221; background_position=&#8221;top_center&#8221; custom_padding=&#8221;80px|0px|80px|0px|true|false&#8221; global_colors_info=&#8221;{}&#8221;][et_pb_row _builder_version=&#8221;4.16&#8243; custom_padding=&#8221;30px|0px|28px|0px|false|false&#8221; global_colors_info=&#8221;{}&#8221;][et_pb_column type=&#8221;4_4&#8243; _builder_version=&#8221;4.16&#8243; custom_padding=&#8221;|||&#8221; global_colors_info=&#8221;{}&#8221; custom_padding__hover=&#8221;|||&#8221;][et_pb_text _builder_version=&#8221;4.17.4&#8243; header_font=&#8221;|800||on|||||&#8221; header_text_color=&#8221;#ffffff&#8221; header_font_size=&#8221;65px&#8221; hover_enabled=&#8221;0&#8243; header_text_shadow_style=&#8221;preset3&#8243; global_colors_info=&#8221;{}&#8221; sticky_enabled=&#8221;0&#8243;]<\/p>\n<h1><strong>\u00a0<\/strong><\/h1>\n<p>[\/et_pb_text][\/et_pb_column][\/et_pb_row][\/et_pb_section][et_pb_section fb_built=&#8221;1&#8243; _builder_version=&#8221;4.16&#8243; max_width_tablet=&#8221;&#8221; max_width_phone=&#8221;&#8221; max_width_last_edited=&#8221;on|desktop&#8221; module_alignment=&#8221;center&#8221; custom_margin=&#8221;50px||50px|&#8221; custom_padding=&#8221;0|0px|50px|0px|false|false&#8221; border_color_all=&#8221;#d8d8d8&#8243; global_colors_info=&#8221;{}&#8221;][et_pb_row column_structure=&#8221;1_3,2_3&#8243; _builder_version=&#8221;4.16&#8243; custom_padding=&#8221;0|0px|0|0px|false|false&#8221; global_colors_info=&#8221;{}&#8221;][et_pb_column type=&#8221;1_3&#8243; _builder_version=&#8221;4.16&#8243; custom_padding=&#8221;|||&#8221; global_colors_info=&#8221;{}&#8221; custom_padding__hover=&#8221;|||&#8221;][et_pb_image src=&#8221;https:\/\/jugendfarm-bremen.de\/wp-content\/uploads\/2022\/05\/feiern-und-veranstaltungen.png&#8221; title_text=&#8221;feiern und veranstaltungen&#8221; align=&#8221;center&#8221; align_tablet=&#8221;center&#8221; align_phone=&#8221;&#8221; align_last_edited=&#8221;on|desktop&#8221; _builder_version=&#8221;4.17.4&#8243; global_colors_info=&#8221;{}&#8221;][\/et_pb_image][\/et_pb_column][et_pb_column type=&#8221;2_3&#8243; _builder_version=&#8221;4.16&#8243; custom_padding=&#8221;|||&#8221; global_colors_info=&#8221;{}&#8221; custom_padding__hover=&#8221;|||&#8221;][et_pb_text admin_label=&#8221;TEXTBLOCK 2&#8243; _builder_version=&#8221;4.17.4&#8243; text_font_size=&#8221;16px&#8221; header_text_color=&#8221;#000000&#8243; global_colors_info=&#8221;{}&#8221;]<\/p>\n<p>Sie k\u00f6nnen uns mit einer Gruppe besuchen.<br \/>\nDie Gruppe kann zum Beispiel unsere Grill-H\u00fctte<br \/>\nmit Feuerstelle benutzen.<br \/>\nDas geht an allen Tagen in der Woche.<br \/>\nAber Sie m\u00fcssen die Gruppe vorher anmelden.<br \/>\nUnd Sie m\u00fcssen sich an alle Regeln f\u00fcr Besuche mit<br \/>\nGruppen halten.<\/p>\n<p>[\/et_pb_text][\/et_pb_column][\/et_pb_row][et_pb_row _builder_version=&#8221;4.17.4&#8243; _module_preset=&#8221;default&#8221; global_colors_info=&#8221;{}&#8221;][et_pb_column type=&#8221;4_4&#8243; _builder_version=&#8221;4.17.4&#8243; _module_preset=&#8221;default&#8221; global_colors_info=&#8221;{}&#8221;][et_pb_divider _builder_version=&#8221;4.17.4&#8243; _module_preset=&#8221;default&#8221; global_colors_info=&#8221;{}&#8221;][\/et_pb_divider][\/et_pb_column][\/et_pb_row][et_pb_row column_structure=&#8221;1_3,2_3&#8243; _builder_version=&#8221;4.16&#8243; custom_padding=&#8221;0|0px|0|0px|false|false&#8221; global_colors_info=&#8221;{}&#8221;][et_pb_column type=&#8221;1_3&#8243; _builder_version=&#8221;4.16&#8243; custom_padding=&#8221;|||&#8221; global_colors_info=&#8221;{}&#8221; custom_padding__hover=&#8221;|||&#8221;][et_pb_image src=&#8221;https:\/\/jugendfarm-bremen.de\/wp-content\/uploads\/2022\/06\/telefonieren_frau-438.png&#8221; title_text=&#8221;telefonieren_frau-438&#8243; align=&#8221;center&#8221; align_tablet=&#8221;center&#8221; align_phone=&#8221;&#8221; align_last_edited=&#8221;on|desktop&#8221; _builder_version=&#8221;4.17.4&#8243; global_colors_info=&#8221;{}&#8221;][\/et_pb_image][\/et_pb_column][et_pb_column type=&#8221;2_3&#8243; _builder_version=&#8221;4.16&#8243; custom_padding=&#8221;|||&#8221; global_colors_info=&#8221;{}&#8221; custom_padding__hover=&#8221;|||&#8221;][et_pb_text admin_label=&#8221;TEXTBLOCK 2&#8243; _builder_version=&#8221;4.17.4&#8243; text_font_size=&#8221;16px&#8221; header_text_color=&#8221;#000000&#8243; global_colors_info=&#8221;{}&#8221;]<\/p>\n<p>Wir m\u00fcssen Besuche von Gruppen gut planen.<br \/>\nDarum machen wir die Anmeldung f\u00fcr Gruppen seit diesem Jahr so:<br \/>\nSie rufen uns an und sagen, wann Sie mit Ihrer Gruppe kommen wollen.<br \/>\nWir halten den Termin dann f\u00fcr Sie frei.<br \/>\nAber dann m\u00fcssen Sie innerhalb von einer Woche<br \/>\nins Farmb\u00fcro kommen.<\/p>\n<p>[\/et_pb_text][\/et_pb_column][\/et_pb_row][et_pb_row _builder_version=&#8221;4.17.4&#8243; _module_preset=&#8221;default&#8221; global_colors_info=&#8221;{}&#8221;][et_pb_column type=&#8221;4_4&#8243; _builder_version=&#8221;4.17.4&#8243; _module_preset=&#8221;default&#8221; global_colors_info=&#8221;{}&#8221;][et_pb_divider _builder_version=&#8221;4.17.4&#8243; _module_preset=&#8221;default&#8221; global_colors_info=&#8221;{}&#8221;][\/et_pb_divider][\/et_pb_column][\/et_pb_row][et_pb_row column_structure=&#8221;1_3,2_3&#8243; _builder_version=&#8221;4.16&#8243; custom_padding=&#8221;0|0px|0|0px|false|false&#8221; global_colors_info=&#8221;{}&#8221;][et_pb_column type=&#8221;1_3&#8243; _builder_version=&#8221;4.16&#8243; custom_padding=&#8221;|||&#8221; global_colors_info=&#8221;{}&#8221; custom_padding__hover=&#8221;|||&#8221;][et_pb_image src=&#8221;https:\/\/jugendfarm-bremen.de\/wp-content\/uploads\/2022\/05\/regeln.png&#8221; title_text=&#8221;regeln&#8221; align=&#8221;center&#8221; align_tablet=&#8221;center&#8221; align_phone=&#8221;&#8221; align_last_edited=&#8221;on|desktop&#8221; _builder_version=&#8221;4.17.4&#8243; global_colors_info=&#8221;{}&#8221;][\/et_pb_image][et_pb_image src=&#8221;https:\/\/jugendfarm-bremen.de\/wp-content\/uploads\/2022\/06\/Geld-bekommen2-730.png&#8221; title_text=&#8221;Geld bekommen2-730&#8243; align=&#8221;center&#8221; align_tablet=&#8221;center&#8221; align_phone=&#8221;&#8221; align_last_edited=&#8221;on|desktop&#8221; _builder_version=&#8221;4.17.4&#8243; global_colors_info=&#8221;{}&#8221;][\/et_pb_image][\/et_pb_column][et_pb_column type=&#8221;2_3&#8243; _builder_version=&#8221;4.16&#8243; custom_padding=&#8221;|||&#8221; global_colors_info=&#8221;{}&#8221; custom_padding__hover=&#8221;|||&#8221;][et_pb_text admin_label=&#8221;TEXTBLOCK 2&#8243; _builder_version=&#8221;4.17.4&#8243; text_font_size=&#8221;16px&#8221; header_text_color=&#8221;#000000&#8243; global_colors_info=&#8221;{}&#8221;]<\/p>\n<p>Zum Beispiel:<br \/>\nSie rufen uns am Montag an und melden Ihre Gruppe an.<br \/>\nDann m\u00fcssen Sie bis zum n\u00e4chsten Montag ins Farmb\u00fcro kommen.<br \/>\nDort m\u00fcssen Sie schon die H\u00e4lfte vom Preis f\u00fcr den Besuch mit der Gruppe bezahlen.<br \/>\nUnd Sie m\u00fcssen unterschreiben, dass sich Ihre Gruppe an alle Regeln auf der Farm h\u00e4lt.<br \/>\nErst dann haben wir Sie f\u00fcr den Termin fest angemeldet.<\/p>\n<p>&nbsp;<\/p>\n<p>&nbsp;<\/p>\n<p>&nbsp;<\/p>\n<p>Vielleicht sagen Sie den Termin kurz vorher ab.<br \/>\nDann k\u00f6nnen wir Ihnen das Geld nur wieder geben, wenn jemand anders den Termin nimmt.<\/p>\n<p>&nbsp;<\/p>\n<p>[\/et_pb_text][\/et_pb_column][\/et_pb_row][et_pb_row _builder_version=&#8221;4.17.4&#8243; _module_preset=&#8221;default&#8221; global_colors_info=&#8221;{}&#8221;][et_pb_column type=&#8221;4_4&#8243; _builder_version=&#8221;4.17.4&#8243; _module_preset=&#8221;default&#8221; global_colors_info=&#8221;{}&#8221;][et_pb_divider _builder_version=&#8221;4.17.4&#8243; _module_preset=&#8221;default&#8221; global_colors_info=&#8221;{}&#8221;][\/et_pb_divider][\/et_pb_column][\/et_pb_row][et_pb_row column_structure=&#8221;1_3,2_3&#8243; _builder_version=&#8221;4.16&#8243; custom_padding=&#8221;0|0px|0|0px|false|false&#8221; global_colors_info=&#8221;{}&#8221;][et_pb_column type=&#8221;1_3&#8243; _builder_version=&#8221;4.16&#8243; custom_padding=&#8221;|||&#8221; global_colors_info=&#8221;{}&#8221; custom_padding__hover=&#8221;|||&#8221;][et_pb_image src=&#8221;https:\/\/jugendfarm-bremen.de\/wp-content\/uploads\/2022\/06\/datum-108.png&#8221; title_text=&#8221;datum-108&#8243; align=&#8221;center&#8221; align_tablet=&#8221;center&#8221; align_phone=&#8221;&#8221; align_last_edited=&#8221;on|desktop&#8221; _builder_version=&#8221;4.17.4&#8243; global_colors_info=&#8221;{}&#8221;][\/et_pb_image][\/et_pb_column][et_pb_column type=&#8221;2_3&#8243; _builder_version=&#8221;4.16&#8243; custom_padding=&#8221;|||&#8221; global_colors_info=&#8221;{}&#8221; custom_padding__hover=&#8221;|||&#8221;][et_pb_text admin_label=&#8221;TEXTBLOCK 2&#8243; _builder_version=&#8221;4.17.4&#8243; text_font_size=&#8221;16px&#8221; header_text_color=&#8221;#000000&#8243; global_colors_info=&#8221;{}&#8221;]<\/p>\n<p><b>Zeiten und Preise f\u00fcr Gruppen:<\/b><\/p>\n<p>Gruppen k\u00f6nnen montags bis freitags von 14 Uhr bis<br \/>\n18 Uhr kommen.<br \/>\nDas kostet 50 Euro f\u00fcr die Gruppe.<br \/>\nSamstags und sonntags k\u00f6nnen Gruppen bis 19 Uhr bleiben.<br \/>\nDas kostet 70 Euro f\u00fcr die Gruppe.<\/p>\n<p>[\/et_pb_text][\/et_pb_column][\/et_pb_row][et_pb_row _builder_version=&#8221;4.17.4&#8243; _module_preset=&#8221;default&#8221; global_colors_info=&#8221;{}&#8221;][et_pb_column type=&#8221;4_4&#8243; _builder_version=&#8221;4.17.4&#8243; _module_preset=&#8221;default&#8221; global_colors_info=&#8221;{}&#8221;][et_pb_divider _builder_version=&#8221;4.17.4&#8243; _module_preset=&#8221;default&#8221; global_colors_info=&#8221;{}&#8221;][\/et_pb_divider][\/et_pb_column][\/et_pb_row][et_pb_row column_structure=&#8221;1_3,2_3&#8243; admin_label=&#8221;Zeile&#8221; _builder_version=&#8221;4.16&#8243; custom_padding=&#8221;0|0px|0|0px|false|false&#8221; global_colors_info=&#8221;{}&#8221;][et_pb_column type=&#8221;1_3&#8243; _builder_version=&#8221;4.16&#8243; custom_padding=&#8221;|||&#8221; global_colors_info=&#8221;{}&#8221; custom_padding__hover=&#8221;|||&#8221;][et_pb_image src=&#8221;https:\/\/jugendfarm-bremen.de\/wp-content\/uploads\/2022\/06\/20200612_181952_resized-3-1.jpg&#8221; title_text=&#8221;20200612_181952_resized-3&#8243; align=&#8221;center&#8221; align_tablet=&#8221;center&#8221; align_phone=&#8221;&#8221; align_last_edited=&#8221;on|desktop&#8221; _builder_version=&#8221;4.17.4&#8243; global_colors_info=&#8221;{}&#8221;][\/et_pb_image][\/et_pb_column][et_pb_column type=&#8221;2_3&#8243; _builder_version=&#8221;4.16&#8243; custom_padding=&#8221;|||&#8221; global_colors_info=&#8221;{}&#8221; custom_padding__hover=&#8221;|||&#8221;][et_pb_text admin_label=&#8221;TEXTBLOCK 2&#8243; _builder_version=&#8221;4.17.4&#8243; text_font_size=&#8221;16px&#8221; header_text_color=&#8221;#000000&#8243; global_colors_info=&#8221;{}&#8221;]<\/p>\n<p>Sie k\u00f6nnen mit Ihrer Gruppe bei uns auf der Farm feiern.<br \/>\nZum Beispiel Kinder-Geburtstage oder Abschluss- Feste<br \/>\nvon Schulen oder Kinderg\u00e4rten.<\/p>\n<p>Gruppen k\u00f6nnen unsere Grill-H\u00fctte mit Feuerstelle benutzen.<br \/>\nIn der Grill-H\u00fctte gibt es Tische und B\u00e4nke.<br \/>\nMan kann dort Stockbrot machen und grillen.<br \/>\nDie Gruppe kann zum Beispiel Geschirr und Besteck von der Farm benutzen.<br \/>\nAm Wochenende k\u00f6nnen Sie mit der Gruppe auch die K\u00fcche im Farmhaus benutzen.<br \/>\nDort gibt es eine Kaffee-Maschine, einen Wasser- Kocher und eine Sp\u00fclmaschine.<br \/>\nIm Farmhaus gibt es auch Toiletten.<\/p>\n<p>&nbsp;<\/p>\n<p>[\/et_pb_text][\/et_pb_column][\/et_pb_row][et_pb_row _builder_version=&#8221;4.17.4&#8243; _module_preset=&#8221;default&#8221; global_colors_info=&#8221;{}&#8221;][et_pb_column type=&#8221;4_4&#8243; _builder_version=&#8221;4.17.4&#8243; _module_preset=&#8221;default&#8221; global_colors_info=&#8221;{}&#8221;][et_pb_divider _builder_version=&#8221;4.17.4&#8243; _module_preset=&#8221;default&#8221; global_colors_info=&#8221;{}&#8221;][\/et_pb_divider][\/et_pb_column][\/et_pb_row][et_pb_row column_structure=&#8221;1_3,2_3&#8243; _builder_version=&#8221;4.16&#8243; custom_padding=&#8221;0|0px|0|0px|false|false&#8221; global_colors_info=&#8221;{}&#8221;][et_pb_column type=&#8221;1_3&#8243; _builder_version=&#8221;4.16&#8243; custom_padding=&#8221;|||&#8221; global_colors_info=&#8221;{}&#8221; custom_padding__hover=&#8221;|||&#8221;][et_pb_image src=&#8221;https:\/\/jugendfarm-bremen.de\/wp-content\/uploads\/2022\/06\/DSC_0255_ji-scaled.jpg&#8221; title_text=&#8221;DSC_0255_ji&#8221; align=&#8221;center&#8221; align_tablet=&#8221;center&#8221; align_phone=&#8221;&#8221; align_last_edited=&#8221;on|desktop&#8221; _builder_version=&#8221;4.17.4&#8243; global_colors_info=&#8221;{}&#8221;][\/et_pb_image][\/et_pb_column][et_pb_column type=&#8221;2_3&#8243; _builder_version=&#8221;4.16&#8243; custom_padding=&#8221;|||&#8221; global_colors_info=&#8221;{}&#8221; custom_padding__hover=&#8221;|||&#8221;][et_pb_text admin_label=&#8221;TEXTBLOCK 2&#8243; _builder_version=&#8221;4.17.4&#8243; text_font_size=&#8221;16px&#8221; header_text_color=&#8221;#000000&#8243; global_colors_info=&#8221;{}&#8221;]<\/p>\n<p>Vielleicht will Ihre Gruppe bei der Tier-F\u00fctterung dabei sein.<br \/>\nDann sagen Sie uns fr\u00fch genug Bescheid.<br \/>\nAm Wochenende kostet die Tier-F\u00fctterung 25 Euro extra<br \/>\nf\u00fcr die Gruppe.<\/p>\n<p>Mehr Infos gibt es im Farmb\u00fcro.<br \/>\nSie k\u00f6nnen uns auch anrufen.<br \/>\nDas ist unsere Telefon-Nummer: 0421 83 27 98<\/p>\n<p>[\/et_pb_text][\/et_pb_column][\/et_pb_row][\/et_pb_section]<\/p>\n","protected":false},"excerpt":{"rendered":"<p>\u00a0 Sie k\u00f6nnen uns mit einer Gruppe besuchen. Die Gruppe kann zum Beispiel unsere Grill-H\u00fctte mit Feuerstelle benutzen. Das geht an allen Tagen in der Woche. Aber Sie m\u00fcssen die [&hellip;]<\/p>\n","protected":false},"author":4,"featured_media":0,"parent":0,"menu_order":0,"comment_status":"closed","ping_status":"closed","template":"","meta":{"_et_pb_use_builder":"on","_et_pb_old_content":"<p>[et_pb_section bb_built=\"1\" _builder_version=\"3.19.11\" background_image=\"http:\/\/jugendfarm-bremen.de\/wp-content\/uploads\/2019\/02\/IMG_2762-1.jpg\" custom_padding=\"80px|0px|80px|0px|true|false\" next_background_color=\"#ffffff\" background_position=\"top_center\" inner_width=\"auto\" inner_max_width=\"1080px\"][et_pb_row custom_padding=\"30px|0px|28px|0px|false|false\" _builder_version=\"3.17.6\" width=\"80%\" max_width=\"1080px\"][et_pb_column type=\"4_4\" custom_padding__hover=\"|||\" custom_padding=\"|||\"][et_pb_text _builder_version=\"4.10.5\" header_font_size=\"65px\" header_text_shadow_style=\"preset3\" header_font=\"|800||on|||||\" header_text_color=\"#ffffff\" text_orientation=\"left\"]<\/p><h1><strong>Feiern auf der Farm - Besuche von Gruppen<br \/><\/strong><\/h1><p>[\/et_pb_text][\/et_pb_column][\/et_pb_row][\/et_pb_section][et_pb_section bb_built=\"1\" admin_label=\"Our Story Section\" _builder_version=\"3.0.83\" custom_padding=\"80px||100px||false|false\" prev_background_color=\"#000000\" inner_width=\"auto\" inner_max_width=\"1080px\"][et_pb_row admin_label=\"Our Story Area\" _builder_version=\"3.17.6\" width=\"80%\" max_width=\"1080px\"][et_pb_column type=\"4_4\" custom_padding__hover=\"|||\" custom_padding=\"|||\"][et_pb_text _builder_version=\"4.13.0\" text_font_size=\"16px\" text_line_height=\"1.8em\" animation_direction=\"left\" text_orientation=\"left\"]<\/p><p><strong>Sie k\u00f6nnen unter der Woche und am Wochenende bei uns feiern und die Farm als Gruppe besuchen!<\/strong><\/p><p>Hierf\u00fcr steht Ihnen in erster Linie unsere Grillh\u00fctte mit Feuerstelle zur Verf\u00fcgung.<\/p><p>N\u00e4here Infos finden Sie weiter unten im Text oder rufen Sie uns gerne mit Fragen an.<\/p><p>Ab 2022 m\u00fcssen Sie f\u00fcr eine verbindliche Buchung innerhalb einer Woche pers\u00f6nlich im Farmb\u00fcro vorbeikommen und 50% des Preises anzahlen. F\u00fcr den Fall, dass Sie ihre Buchung kurzfristig absagen m\u00fcssen, k\u00f6nnen wir diese Anzahlung nur zur\u00fcckgeben, sollte sich der reservierte Termin anderweitig vergeben lassen.<\/p><p>Wir bitten hierf\u00fcr um Ihr Verst\u00e4ndnis, da wir in der Vergangenheit h\u00e4ufig kurzfristig abgesagte Termine nicht wieder nutzen konnten.<\/p><p>\u00a0<\/p><p><strong>Bei uns feiern geht nur unter Einhaltung der geltenden Corona-Regelungen und der internen Regeln der Farm.<\/strong><\/p><p><strong>Die Einhaltung dieser muss der Farm vorab schriftlich best\u00e4tigt werden.<\/strong><\/p><p>\u00a0<\/p><p><strong>Zeiten:<\/strong><\/p><p>Montag bis Freitag 14 bis 18 Uhr<\/p><p>Samstag und Sonntag bis 19 Uhr<\/p><p><strong>Preise:<\/strong><\/p><p>Montag bis Freitag 50 \u20ac<\/p><p>Samstag und Sonntag 70 \u20ac<\/p><p>\u00a0<\/p><p><strong>Was dazu geh\u00f6rt<\/strong><\/p><p>Alle Feiern und Gruppentreffen auf unsere Farm finden in unsere Grillh\u00fctte und auf dem wundersch\u00f6nen Farmgel\u00e4nde statt. Besonders sch\u00f6n ist der Ort f\u00fcr Kindergeburtstage, kleine Feiern und Abschlussfeste von Schulklassen und Kinderg\u00e4rten und andere gesellige Runden. Es gibt bei uns viel Platz zum Toben und Entdecken!<\/p><p>Ihr k\u00f6nnt die Grillh\u00fctte mit gro\u00dfer Feuerstelle f\u00fcr Grillgut und Stockbrot nutzen und findet dort ausreichend Tische und B\u00e4nke. Wir k\u00f6nnen Geschirr, Besteck, Grillzagen und mehr zur Verf\u00fcgung stellen. Au\u00dferdem steht euch am Wochenende im Farmhaus die K\u00fcche mit Kaffeemaschine, Wasserkocher und Geschirrsp\u00fclmaschine zur Verf\u00fcgung. Im Haus gibt es auch Toiletten.<\/p><p>Wenn ihr fr\u00fch genug Bescheid gebt, ist es m\u00f6glich die 16 Uhr F\u00fctterung der Tiere mit euren G\u00e4sten zu besuchen.<\/p><p>Diese kostet am Wochenende 25 \u20ac extra.<\/p><p>Alles Weitere erfahrt ihr pers\u00f6nlich im Farmb\u00fcro oder telefonisch unter 0421\/ 83 27 98.<\/p><p><img class=\"wp-image-2091 aligncenter\" src=\"https:\/\/jugendfarm-bremen.de\/wp-content\/uploads\/2020\/06\/20200612_181952_resized-3.jpg\" alt=\"\" width=\"311\" height=\"445\" \/><\/p><p>\u00a0<\/p><p><img class=\"wp-image-1666 aligncenter\" src=\"https:\/\/jugendfarm-bremen.de\/wp-content\/uploads\/2020\/01\/Gartenparty-10.05-5-1024x768.jpg\" alt=\"\" width=\"474\" height=\"356\" \/><\/p><p>\u00a0<\/p><p>\u00a0<\/p><p><img class=\"wp-image-894 aligncenter\" src=\"https:\/\/jugendfarm-bremen.de\/wp-content\/uploads\/2019\/02\/P1030723-1024x768.jpg\" alt=\"\" width=\"484\" height=\"363\" \/><img class=\"wp-image-1096 aligncenter\" src=\"https:\/\/jugendfarm-bremen.de\/wp-content\/uploads\/2019\/05\/DSC03900-1024x768.jpg\" alt=\"\" width=\"443\" height=\"332\" \/><\/p><p><img class=\"wp-image-2090 aligncenter\" src=\"https:\/\/jugendfarm-bremen.de\/wp-content\/uploads\/2020\/05\/IMG_2383-1024x686.jpg\" alt=\"\" width=\"458\" height=\"307\" \/><\/p><p>[\/et_pb_text][\/et_pb_column][\/et_pb_row][\/et_pb_section]<\/p>","_et_gb_content_width":"","footnotes":"","beyondwords_generate_audio":"","beyondwords_integration_method":"","beyondwords_project_id":"15879","beyondwords_content_id":"","beyondwords_preview_token":"","beyondwords_player_content":"","beyondwords_player_style":"","beyondwords_language_code":"","beyondwords_language_id":"","beyondwords_title_voice_id":"","beyondwords_body_voice_id":"","beyondwords_summary_voice_id":"","beyondwords_error_message":"","beyondwords_disabled":"","beyondwords_delete_content":"","beyondwords_podcast_id":"4493364","beyondwords_hash":"","publish_post_to_speechkit":"1","speechkit_hash":"9bc92585869b214649dd56718cf3d8702cf6449c","speechkit_generate_audio":"1","speechkit_project_id":"15879","speechkit_podcast_id":"4493364","speechkit_error_message":"","speechkit_disabled":"","speechkit_access_key":"","speechkit_error":"","speechkit_info":"","speechkit_response":"","speechkit_retries":"","speechkit_status":"Updated","speechkit_updated_at":"","_speechkit_link":"","_speechkit_text":""},"class_list":["post-4536","page","type-page","status-publish","hentry"],"_links":{"self":[{"href":"https:\/\/jugendfarm-bremen.de\/del\/wp-json\/wp\/v2\/pages\/4536","targetHints":{"allow":["GET"]}}],"collection":[{"href":"https:\/\/jugendfarm-bremen.de\/del\/wp-json\/wp\/v2\/pages"}],"about":[{"href":"https:\/\/jugendfarm-bremen.de\/del\/wp-json\/wp\/v2\/types\/page"}],"author":[{"embeddable":true,"href":"https:\/\/jugendfarm-bremen.de\/del\/wp-json\/wp\/v2\/users\/4"}],"replies":[{"embeddable":true,"href":"https:\/\/jugendfarm-bremen.de\/del\/wp-json\/wp\/v2\/comments?post=4536"}],"version-history":[{"count":15,"href":"https:\/\/jugendfarm-bremen.de\/del\/wp-json\/wp\/v2\/pages\/4536\/revisions"}],"predecessor-version":[{"id":4788,"href":"https:\/\/jugendfarm-bremen.de\/del\/wp-json\/wp\/v2\/pages\/4536\/revisions\/4788"}],"wp:attachment":[{"href":"https:\/\/jugendfarm-bremen.de\/del\/wp-json\/wp\/v2\/media?parent=4536"}],"curies":[{"name":"wp","href":"https:\/\/api.w.org\/{rel}","templated":true}]}}